{"id":312,"date":"2024-02-01T11:40:50","date_gmt":"2024-02-01T11:40:50","guid":{"rendered":"https:\/\/msbuildingservices.co.uk\/?page_id=312"},"modified":"2025-08-10T14:26:32","modified_gmt":"2025-08-10T13:26:32","slug":"bathroom-renovations","status":"publish","type":"page","link":"https:\/\/merseybuilders.co.uk\/pl\/services\/bathroom-renovations\/","title":{"rendered":"Renowacje \u0141azienek"},"content":{"rendered":"<section class=\"wpb-content-wrapper\"><div class=\"vc_row wpb_row vc_row-fluid vc_custom_1707937332777 vc_row-has-fill\"><div class=\"wpb_column vc_column_container vc_col-sm-12\"><div class=\"vc_column-inner vc_custom_1708003205977\"><div class=\"wpb_wrapper\"><div class=\"vc_row wpb_row vc_inner vc_row-fluid msbs-services-header vc_custom_1707936869276 vc_row-has-fill\"><div class=\"wpb_column vc_column_container vc_col-sm-12 vc_col-has-fill\"><div class=\"vc_column-inner vc_custom_1707937349067\"><div class=\"wpb_wrapper\">\n\t<div class=\"wpb_text_column wpb_content_element  vc_custom_1707936887175\" >\n\t\t<div class=\"wpb_wrapper\">\n\t\t\t<div class=\"msbs-services-header--container\">\n<div class=\"msbs-services-header--title\">\n<h1>Remonty \u0142azienek<\/h1>\n<\/div>\n<\/div>\n\n\t\t<\/div>\n\t<\/div>\n<\/div><\/div><\/div><\/div><div class=\"vc_row wpb_row vc_inner vc_row-fluid vc_custom_1707927194584 vc_row-has-fill vc_row-o-equal-height vc_row-flex\"><div class=\"msbs-services-column-l wpb_column vc_column_container vc_col-sm-3\/5\"><div class=\"vc_column-inner vc_custom_1707996249757\"><div class=\"wpb_wrapper\">\n\t<div class=\"wpb_text_column wpb_content_element\" >\n\t\t<div class=\"wpb_wrapper\">\n\t\t\t<div class=\"msbs-breadcrumbs\">\n<p><a href=\"https:\/\/merseybuilders.co.uk\/pl\/services\/\">Us\u0142ugi<\/a> &gt;<\/p>\n<p>Remonty \u0142azienek<\/p>\n<\/div>\n\n\t\t<\/div>\n\t<\/div>\n\n\t<div class=\"wpb_text_column wpb_content_element  wpb_animate_when_almost_visible wpb_left-to-right left-to-right p-top-20\" >\n\t\t<div class=\"wpb_wrapper\">\n\t\t\t<div class=\"msbs-services-text-row\">\n<div class=\"msbs-text-wrapper\">\n<h2>Transform your bathroom into a luxurious sanctuary<br \/>with Mersey Builders.<\/h2>\n<p>Nasz zesp\u00f3\u0142 ekspert\u00f3w specjalizuje si\u0119 w wysokiej jako\u015bci renowacjach \u0142azienek. Oferuj\u0105c rozwi\u0105zania dostosowane do Twojego stylu i bud\u017cetu.<\/p>\n<p>Od eleganckich <strong>nowoczesnych \u0142azienek<\/strong> po <strong>timeless classics<\/strong>, we handle every aspect of the renovation process with precision and care.<\/p>\n<p>Enhance the functionality, aesthetics, and value of your home with our trusted craftsmanship and attention to detail.<\/p>\n<p>Experience the ultimate in relaxation and comfort with a stunning bathroom renovation from Mersey Builders.<\/p>\n<\/div>\n<\/div>\n\n\t\t<\/div>\n\t<\/div>\n<\/div><\/div><\/div><div class=\"min-40vh wpb_column vc_column_container vc_col-sm-2\/5 vc_col-has-fill\"><div class=\"vc_column-inner vc_custom_1708097668814\"><div class=\"wpb_wrapper\"><\/div><\/div><\/div><\/div><div class=\"vc_row wpb_row vc_inner vc_row-fluid msbs-services-column-l vc_custom_1708094023005 vc_row-has-fill vc_row-o-equal-height vc_row-flex\"><div class=\"min-40vh wpb_column vc_column_container vc_col-sm-2\/5 vc_hidden-xs vc_col-has-fill\"><div class=\"vc_column-inner vc_custom_1708098060855\"><div class=\"wpb_wrapper\"><\/div><\/div><\/div><div class=\"wpb_column vc_column_container vc_col-sm-3\/5\"><div class=\"vc_column-inner vc_custom_1707996021628\"><div class=\"wpb_wrapper\">\n\t<div class=\"wpb_text_column wpb_content_element  vc_custom_1754831994642\" >\n\t\t<div class=\"wpb_wrapper\">\n\t\t\t<div class=\"msbs-services-subheading\">\n<h2>Complex Renovation Services<\/h2>\n<\/div>\n\n\t\t<\/div>\n\t<\/div>\n\n\t<div class=\"wpb_text_column wpb_content_element  wpb_animate_when_almost_visible wpb_right-to-left right-to-left vc_custom_1708098142262\" >\n\t\t<div class=\"wpb_wrapper\">\n\t\t\t<div class=\"msbs-services-text-row\">\n<div class=\"msbs-text-wrapper\" style=\"max-width: none; padding: 40px 0 20px 0;\">\n<div class=\"ul-wrapper\">\n<ul>\n<li>Energy Efficient Bathrooms<\/li>\n<li>New Bathroom Suites<\/li>\n<li>Bathroom Refurbishments<\/li>\n<li>Bathroom Design<\/li>\n<li>Internal Structural Alterations<\/li>\n<li>Showers and Shower Enclosures<\/li>\n<\/ul>\n<ul>\n<li>Bathroom Tiling and Flooring<\/li>\n<li>Paiting and Finishing<\/li>\n<li>Plumbing and Electrical Work<\/li>\n<li>Installation of Fixtures<\/li>\n<li>Countertops and Vanity<\/li>\n<li>Cleanup and Waste Removal<\/li>\n<\/ul>\n<\/div>\n<\/div>\n<\/div>\n\n\t\t<\/div>\n\t<\/div>\n<\/div><\/div><\/div><\/div><div class=\"vc_row wpb_row vc_inner vc_row-fluid vc_custom_1708002909821 vc_row-has-fill vc_row-o-equal-height vc_row-flex\"><div class=\"msbs-services-column-l wpb_column vc_column_container vc_col-sm-3\/5 vc_col-has-fill\"><div class=\"vc_column-inner vc_custom_1754831566304\"><div class=\"wpb_wrapper\">\n\t<div class=\"wpb_text_column wpb_content_element  wpb_animate_when_almost_visible wpb_left-to-right left-to-right p-top-20\" >\n\t\t<div class=\"wpb_wrapper\">\n\t\t\t<div class=\"msbs-services-text-row\">\n<div class=\"msbs-text-wrapper\">\n<h2 style=\"color: whitel;\"><span style=\"color: #ffffff;\">Quality Craftsmanship and Attention to Detail<\/span><\/h2>\n<p class=\"msbs-temp-text\">From the initial design phase to the final installation, we prioritize precision and excellence to ensure that every project meets and exceeds our clients&#8217; expectations. With meticulous attention to detail, we focus on the finer elements of the renovation, ensuring seamless integration of materials, impeccable finishes, and functional design. At Mersey Builders, we take pride in our dedication to quality, ensuring that each bathroom renovation project is executed with the highest standards of craftsmanship and attention to detail, resulting in stunning, long-lasting results that our clients love.<\/p>\n<\/div>\n<\/div>\n\n\t\t<\/div>\n\t<\/div>\n<\/div><\/div><\/div><div class=\"min-40vh wpb_column vc_column_container vc_col-sm-2\/5 vc_col-has-fill\"><div class=\"vc_column-inner vc_custom_1708097659684\"><div class=\"wpb_wrapper\"><\/div><\/div><\/div><\/div><\/div><\/div><\/div><\/div><div class=\"vc_row wpb_row vc_row-fluid\"><div class=\"wpb_column vc_column_container vc_col-sm-12\"><div class=\"vc_column-inner\"><div class=\"wpb_wrapper\"><div class=\"vc_row wpb_row vc_inner vc_row-fluid msbs-services-section3\"><div class=\"wpb_column vc_column_container vc_col-sm-12\"><div class=\"vc_column-inner\"><div class=\"wpb_wrapper\">\n\t<div class=\"wpb_text_column wpb_content_element\" >\n\t\t<div class=\"wpb_wrapper\">\n\t\t\t<div class=\"msbs-services-gallery-header\">\n<div class=\"msbs-services-gallery-header-icon\"><img decoding=\"async\" src=\"https:\/\/merseybuilders.co.uk\/wp-content\/uploads\/2024\/02\/msbs-icon-1-black.svg\" width=\"65px\" \/><\/div>\n<div class=\"msbs-services-gallery-header-content\">\n<h2>Our Realisations<\/h2>\n<h3>A few Bathroom Projects from the Gallery<\/h3>\n<\/div>\n<\/div>\n\n\t\t<\/div>\n\t<\/div>\n<\/div><\/div><\/div><\/div><div class=\"vc_row wpb_row vc_inner vc_row-fluid no-padding\"><div class=\"wpb_column vc_column_container vc_col-sm-6\"><div class=\"vc_column-inner vc_custom_1707997205138\"><div class=\"wpb_wrapper\">\n<div class=\"vc_grid-container-wrapper vc_clearfix vc_grid-animation-fadeIn\">\n\t<div class=\"vc_grid-container vc_clearfix wpb_content_element vc_media_grid vc_custom_1708077311216\" data-initial-loading-animation=\"fadeIn\" data-vc-grid-settings=\"{&quot;page_id&quot;:312,&quot;style&quot;:&quot;all&quot;,&quot;action&quot;:&quot;vc_get_vc_grid_data&quot;,&quot;shortcode_id&quot;:&quot;1754832375454-ebd52382-3a12-2&quot;,&quot;tag&quot;:&quot;vc_media_grid&quot;}\" data-vc-request=\"https:\/\/merseybuilders.co.uk\/wp-admin\/admin-ajax.php\" data-vc-post-id=\"312\" data-vc-public-nonce=\"5de0b791db\">\n\t\t\n\t<\/div>\n<\/div><\/div><\/div><\/div><div class=\"wpb_column vc_column_container vc_col-sm-6\"><div class=\"vc_column-inner vc_custom_1707997161663\"><div class=\"wpb_wrapper\">\n<div class=\"vc_grid-container-wrapper vc_clearfix vc_grid-animation-fadeIn\">\n\t<div class=\"vc_grid-container vc_clearfix wpb_content_element vc_media_grid vc_custom_1708077422379\" data-initial-loading-animation=\"fadeIn\" data-vc-grid-settings=\"{&quot;page_id&quot;:312,&quot;style&quot;:&quot;all&quot;,&quot;action&quot;:&quot;vc_get_vc_grid_data&quot;,&quot;shortcode_id&quot;:&quot;1754832375455-75d31bd1-a310-1&quot;,&quot;tag&quot;:&quot;vc_media_grid&quot;}\" data-vc-request=\"https:\/\/merseybuilders.co.uk\/wp-admin\/admin-ajax.php\" data-vc-post-id=\"312\" data-vc-public-nonce=\"5de0b791db\">\n\t\t\n\t<\/div>\n<\/div><\/div><\/div><\/div><\/div><div class=\"vc_row wpb_row vc_inner vc_row-fluid msbs-services-gallery-button-row vc_custom_1707929252051 vc_row-has-fill vc_row-o-content-middle vc_row-flex\"><div class=\"wpb_column vc_column_container vc_col-sm-12\"><div class=\"vc_column-inner\"><div class=\"wpb_wrapper\">\n\t<div class=\"wpb_text_column wpb_content_element\" >\n\t\t<div class=\"wpb_wrapper\">\n\t\t\t<div class=\"msbs-services-gallery-button-content\"><a href=\"https:\/\/merseybuilders.co.uk\/pl\/gallery\/\"><button><img decoding=\"async\" src=\"https:\/\/merseybuilders.co.uk\/wp-content\/uploads\/2024\/02\/msbs-icon-1.svg\" alt=\"MS UK Building Services Gallery Button\" width=\"26px\" \/>Visit our full gallery to find more bathroom projects.<\/button><\/a><\/div>\n\n\t\t<\/div>\n\t<\/div>\n<\/div><\/div><\/div><\/div><\/div><\/div><\/div><\/div><div data-vc-full-width=\"true\" data-vc-full-width-init=\"false\" data-vc-stretch-content=\"true\" class=\"vc_row wpb_row vc_row-fluid vc_custom_1695630105199 vc_row-has-fill vc_row-no-padding\"><div class=\"wpb_column vc_column_container vc_col-sm-12 vc_col-has-fill\"><div class=\"vc_column-inner vc_custom_1708076986098\"><div class=\"wpb_wrapper\">\n\t<div class=\"wpb_text_column wpb_content_element  wpb_animate_when_almost_visible wpb_fadeIn fadeIn msbs-services-section4\" >\n\t\t<div class=\"wpb_wrapper\">\n\t\t\t<h2>Renovate Your Bathroom<\/h2>\n<div class=\"msbs-services-section4-wrapper\">\n<p><img decoding=\"async\" src=\"https:\/\/merseybuilders.co.uk\/wp-content\/uploads\/2024\/02\/msbs-icon-2-orange.svg\" width=\"23\" \/>In just four simple steps<\/p>\n<\/div>\n\n\t\t<\/div>\n\t<\/div>\n<div class=\"vc_row wpb_row vc_inner vc_row-fluid vc_custom_1754832360890 vc_row-has-fill vc_row-o-equal-height vc_row-flex\"><div class=\"msbs-steps--box1 wpb_column vc_column_container vc_col-sm-3 vc_col-has-fill\"><div class=\"vc_column-inner vc_custom_1695595003132\"><div class=\"wpb_wrapper\"><div class=\"vc_icon_element vc_icon_element-outer vc_custom_1754832127314 msbs-icon mx-auto vc_icon_element-align-center\"><div class=\"vc_icon_element-inner vc_icon_element-color-custom vc_icon_element-size-xs vc_icon_element-style- vc_icon_element-background-color-grey\" ><span class=\"vc_icon_element-icon vc-oi vc-oi-stop\" style=\"color:#dbad4a !important\"><\/span><\/div><\/div>\n\t<div class=\"wpb_text_column wpb_content_element  vc_custom_1695595089351 msbs-steps--content msbs-steps--title mx-auto\" >\n\t\t<div class=\"wpb_wrapper\">\n\t\t\t<p>KROK 1<\/p>\n\n\t\t<\/div>\n\t<\/div>\n\n\t<div class=\"wpb_text_column wpb_content_element  vc_custom_1695595073146 msbs-steps--content mx-auto\" >\n\t\t<div class=\"wpb_wrapper\">\n\t\t\t<p>Planowanie<\/p>\n\n\t\t<\/div>\n\t<\/div>\n<\/div><\/div><\/div><div class=\"msbs-steps--box2 wpb_column vc_column_container vc_col-sm-3 vc_col-has-fill\"><div class=\"vc_column-inner vc_custom_1695594997737\"><div class=\"wpb_wrapper\"><div class=\"vc_icon_element vc_icon_element-outer vc_custom_1695595029030 msbs-icon mx-auto vc_icon_element-align-center\"><div class=\"vc_icon_element-inner vc_icon_element-color-black vc_icon_element-size-xs vc_icon_element-style- vc_icon_element-background-color-grey\" ><span class=\"vc_icon_element-icon vc-oi vc-oi-stop\" ><\/span><\/div><\/div>\n\t<div class=\"wpb_text_column wpb_content_element  vc_custom_1695595093033 msbs-steps--content msbs-steps--title mx-auto\" >\n\t\t<div class=\"wpb_wrapper\">\n\t\t\t<p>KROK 2<\/p>\n\n\t\t<\/div>\n\t<\/div>\n\n\t<div class=\"wpb_text_column wpb_content_element  vc_custom_1695595078283 msbs-steps--content mx-auto\" >\n\t\t<div class=\"wpb_wrapper\">\n\t\t\t<p>Wycena<\/p>\n\n\t\t<\/div>\n\t<\/div>\n<\/div><\/div><\/div><div class=\"msbs-steps--box3 wpb_column vc_column_container vc_col-sm-3 vc_col-has-fill\"><div class=\"vc_column-inner vc_custom_1695595118807\"><div class=\"wpb_wrapper\"><div class=\"vc_icon_element vc_icon_element-outer vc_custom_1695595022238 msbs-icon mx-auto vc_icon_element-align-center\"><div class=\"vc_icon_element-inner vc_icon_element-color-black vc_icon_element-size-xs vc_icon_element-style- vc_icon_element-background-color-grey\" ><span class=\"vc_icon_element-icon vc-oi vc-oi-stop\" ><\/span><\/div><\/div>\n\t<div class=\"wpb_text_column wpb_content_element  vc_custom_1695595101182 msbs-steps--content msbs-steps--title mx-auto\" >\n\t\t<div class=\"wpb_wrapper\">\n\t\t\t<p>KROK 3<\/p>\n\n\t\t<\/div>\n\t<\/div>\n\n\t<div class=\"wpb_text_column wpb_content_element  vc_custom_1695595083624 msbs-steps--content mx-auto\" >\n\t\t<div class=\"wpb_wrapper\">\n\t\t\t<p>Umowa<\/p>\n\n\t\t<\/div>\n\t<\/div>\n<\/div><\/div><\/div><div class=\"msbs-steps--box4 wpb_column vc_column_container vc_col-sm-3 vc_col-has-fill\"><div class=\"vc_column-inner vc_custom_1754832109593\"><div class=\"wpb_wrapper\"><div class=\"vc_icon_element vc_icon_element-outer vc_custom_1695594897344 msbs-icon mx-auto vc_icon_element-align-center\"><div class=\"vc_icon_element-inner vc_icon_element-color-white vc_icon_element-size-xs vc_icon_element-style- vc_icon_element-background-color-grey\" ><span class=\"vc_icon_element-icon vc-oi vc-oi-stop\" ><\/span><\/div><\/div>\n\t<div class=\"wpb_text_column wpb_content_element  vc_custom_1708000694636 msbs-steps--content msbs-steps--title mx-auto\" >\n\t\t<div class=\"wpb_wrapper\">\n\t\t\t<p><span style=\"color: #ffffff;\">KROK 4<\/span><\/p>\n\n\t\t<\/div>\n\t<\/div>\n\n\t<div class=\"wpb_text_column wpb_content_element  vc_custom_1708000702274 msbs-steps--content mx-auto\" >\n\t\t<div class=\"wpb_wrapper\">\n\t\t\t<p><span style=\"color: #ffffff;\">Realisation<\/span><\/p>\n\n\t\t<\/div>\n\t<\/div>\n<\/div><\/div><\/div><\/div><\/div><\/div><\/div><\/div><div class=\"vc_row-full-width vc_clearfix\"><\/div><div data-vc-full-width=\"true\" data-vc-full-width-init=\"false\" data-vc-stretch-content=\"true\" class=\"vc_row wpb_row vc_row-fluid msbs-content-width vc_custom_1695225620270 vc_row-has-fill vc_row-no-padding vc_row-o-content-middle vc_row-flex\"><div class=\"wpb_column vc_column_container vc_col-sm-12\"><div class=\"vc_column-inner\"><div class=\"wpb_wrapper\"><div class=\"vc_row wpb_row vc_inner vc_row-fluid msbs-row-spacing msbs-row-narrow mx-auto\"><div class=\"wpb_column vc_column_container vc_col-sm-12\"><div class=\"vc_column-inner\"><div class=\"wpb_wrapper\"><h2 style=\"font-size: 3em;color: #0a0a0a;text-align: center\" class=\"vc_custom_heading vc_custom_1708000646816\" >What our clients say<\/h2>\n\t<div class=\"vc_gutenberg wpb_content_element\" >\n\t\t<div class=\"wpb_wrapper\">\n\t\t\t<div class=\"wp-block-uagb-testimonial uagb-slick-carousel uagb-tm__arrow-outside uagb-block-54f2bf74\">\n<div class=\"is-carousel uagb-tm__columns-1 uagb-tm__items\">\n<div class=\"uagb-testimonial__wrap uagb-tm__imgicon-style-circle uagb-tm__image-position-bottom uagb-tm__bg-type-none\">\n<div class=\"uagb-tm__content\">\n<div class=\"uagb-tm__overlay\">\u00a0<\/div>\n<div class=\"uagb-tm__text-wrap\">\n<div class=\"uagb-tm__desc\">\n<p>Mersey Builders are honest and trustworthy and didn\u2019t charge me a fortune. Tradesmen like this are very few and far between. Would definitely recommend to any of my friends and family. Always arrived on time and offered helpful advice. Over the moon with how the garden paving has turned out!<\/p>\n<\/div>\n<div class=\"uagb-tm__meta-inner\">\n<div class=\"uagb-testimonial-details\"><span class=\"uagb-tm__author-name\">Matt<\/span><\/div>\n<\/div>\n<\/div>\n<\/div>\n<\/div>\n<div class=\"uagb-testimonial__wrap uagb-tm__imgicon-style-circle uagb-tm__image-position-bottom uagb-tm__bg-type-none\">\n<div class=\"uagb-tm__content\">\n<div class=\"uagb-tm__overlay\">\u00a0<\/div>\n<div class=\"uagb-tm__text-wrap\">\n<div class=\"uagb-tm__desc\">\n<p>Mersey Builders are honest and trustworthy and didn\u2019t charge me a fortune. Tradesmen like this are very few and far between. Would definitely recommend to any of my friends and family. Always arrived on time and offered helpful advice. Over the moon with how the garden paving has turned out!<\/p>\n<\/div>\n<div class=\"uagb-tm__meta-inner\">\n<div class=\"uagb-testimonial-details\"><span class=\"uagb-tm__author-name\">Matt<\/span><\/div>\n<\/div>\n<\/div>\n<\/div>\n<\/div>\n<div class=\"uagb-testimonial__wrap uagb-tm__imgicon-style-circle uagb-tm__image-position-bottom uagb-tm__bg-type-none\">\n<div class=\"uagb-tm__content\">\n<div class=\"uagb-tm__overlay\">\u00a0<\/div>\n<div class=\"uagb-tm__text-wrap\">\n<div class=\"uagb-tm__desc\">\n<p>Mersey Builders are honest and trustworthy and didn\u2019t charge me a fortune. Tradesmen like this are very few and far between. Would definitely recommend to any of my friends and family. Always arrived on time and offered helpful advice. Over the moon with how the garden paving has turned out!<\/p>\n<\/div>\n<div class=\"uagb-tm__meta-inner\">\n<div class=\"uagb-testimonial-details\"><span class=\"uagb-tm__author-name\">Matt<\/span><\/div>\n<\/div>\n<\/div>\n<\/div>\n<\/div>\n<\/div>\n<\/div>\n\n\t\t<\/div>\n\t<\/div>\n<\/div><\/div><\/div><\/div><\/div><\/div><\/div><\/div><div class=\"vc_row-full-width vc_clearfix\"><\/div><\/section>","protected":false},"excerpt":{"rendered":"Bathroom Renovation SERVICES &gt; Bathroom Renovation Transform your bathroom into a luxurious sanctuarywith Mersey Builders. Our expert team specialises in premium bathroom renovations, offering tailored solutions to suit your style and budget. From sleek modern designs to timeless classics, we handle every aspect of the renovation process with precision and care. Enhance the functionality, aesthetics, [...]","protected":false},"author":1,"featured_media":0,"parent":171,"menu_order":0,"comment_status":"closed","ping_status":"closed","template":"page-templates\/page-msbs-fullwidth.php","meta":{"_uag_custom_page_level_css":"","footnotes":""},"yoast_head":"<!-- This site is optimized with the Yoast SEO plugin v23.5 - https:\/\/yoast.com\/wordpress\/plugins\/seo\/ -->\n<title>Modern Bathroom Renovations &amp; Design - Mersey Builders<\/title>\n<meta name=\"description\" content=\"Bathroom Renovation Service. From sleek modern designs to timeless classics. Bathroom designs, refurbishments, makeovers, bespoke creations.\" \/>\n<meta name=\"robots\" content=\"index, follow, max-snippet:-1, max-image-preview:large, max-video-preview:-1\" \/>\n<link rel=\"canonical\" href=\"https:\/\/merseybuilders.co.uk\/pl\/services\/bathroom-renovations\/\" \/>\n<meta property=\"og:locale\" content=\"pl_PL\" \/>\n<meta property=\"og:type\" content=\"article\" \/>\n<meta property=\"og:title\" content=\"Modern Bathroom Renovations &amp; Design - Mersey Builders\" \/>\n<meta property=\"og:description\" content=\"Bathroom Renovation Service. From sleek modern designs to timeless classics. Bathroom designs, refurbishments, makeovers, bespoke creations.\" \/>\n<meta property=\"og:url\" content=\"https:\/\/merseybuilders.co.uk\/pl\/services\/bathroom-renovations\/\" \/>\n<meta property=\"og:site_name\" content=\"Mersey Builders\" \/>\n<meta property=\"article:modified_time\" content=\"2025-08-10T13:26:32+00:00\" \/>\n<meta property=\"og:image\" content=\"https:\/\/merseybuilders.co.uk\/wp-content\/uploads\/2024\/02\/msbs-icon-1-black.svg\" \/>\n<meta name=\"twitter:card\" content=\"summary_large_image\" \/>\n<meta name=\"twitter:label1\" content=\"Szacowany czas czytania\" \/>\n\t<meta name=\"twitter:data1\" content=\"6 minut\" \/>\n<script type=\"application\/ld+json\" class=\"yoast-schema-graph\">{\"@context\":\"https:\/\/schema.org\",\"@graph\":[{\"@type\":\"WebPage\",\"@id\":\"https:\/\/merseybuilders.co.uk\/services\/bathroom-renovations\/\",\"url\":\"https:\/\/merseybuilders.co.uk\/services\/bathroom-renovations\/\",\"name\":\"Modern Bathroom Renovations & Design - Mersey Builders\",\"isPartOf\":{\"@id\":\"https:\/\/merseybuilders.co.uk\/#website\"},\"primaryImageOfPage\":{\"@id\":\"https:\/\/merseybuilders.co.uk\/services\/bathroom-renovations\/#primaryimage\"},\"image\":{\"@id\":\"https:\/\/merseybuilders.co.uk\/services\/bathroom-renovations\/#primaryimage\"},\"thumbnailUrl\":\"https:\/\/merseybuilders.co.uk\/wp-content\/uploads\/2024\/02\/msbs-icon-1-black.svg\",\"datePublished\":\"2024-02-01T11:40:50+00:00\",\"dateModified\":\"2025-08-10T13:26:32+00:00\",\"description\":\"Bathroom Renovation Service. From sleek modern designs to timeless classics. Bathroom designs, refurbishments, makeovers, bespoke creations.\",\"breadcrumb\":{\"@id\":\"https:\/\/merseybuilders.co.uk\/services\/bathroom-renovations\/#breadcrumb\"},\"inLanguage\":\"pl-PL\",\"potentialAction\":[{\"@type\":\"ReadAction\",\"target\":[\"https:\/\/merseybuilders.co.uk\/services\/bathroom-renovations\/\"]}]},{\"@type\":\"ImageObject\",\"inLanguage\":\"pl-PL\",\"@id\":\"https:\/\/merseybuilders.co.uk\/services\/bathroom-renovations\/#primaryimage\",\"url\":\"https:\/\/merseybuilders.co.uk\/wp-content\/uploads\/2024\/02\/msbs-icon-1-black.svg\",\"contentUrl\":\"https:\/\/merseybuilders.co.uk\/wp-content\/uploads\/2024\/02\/msbs-icon-1-black.svg\"},{\"@type\":\"BreadcrumbList\",\"@id\":\"https:\/\/merseybuilders.co.uk\/services\/bathroom-renovations\/#breadcrumb\",\"itemListElement\":[{\"@type\":\"ListItem\",\"position\":1,\"name\":\"Home\",\"item\":\"https:\/\/merseybuilders.co.uk\/\"},{\"@type\":\"ListItem\",\"position\":2,\"name\":\"Services\",\"item\":\"https:\/\/merseybuilders.co.uk\/services\/\"},{\"@type\":\"ListItem\",\"position\":3,\"name\":\"Bathroom Renovation Service\"}]},{\"@type\":\"WebSite\",\"@id\":\"https:\/\/merseybuilders.co.uk\/#website\",\"url\":\"https:\/\/merseybuilders.co.uk\/\",\"name\":\"Mersey Builders\",\"description\":\"\",\"potentialAction\":[{\"@type\":\"SearchAction\",\"target\":{\"@type\":\"EntryPoint\",\"urlTemplate\":\"https:\/\/merseybuilders.co.uk\/?s={search_term_string}\"},\"query-input\":{\"@type\":\"PropertyValueSpecification\",\"valueRequired\":true,\"valueName\":\"search_term_string\"}}],\"inLanguage\":\"pl-PL\"}]}<\/script>\n<!-- \/ Yoast SEO plugin. -->","yoast_head_json":{"title":"Modern Bathroom Renovations & Design - Mersey Builders","description":"Bathroom Renovation Service. From sleek modern designs to timeless classics. Bathroom designs, refurbishments, makeovers, bespoke creations.","robots":{"index":"index","follow":"follow","max-snippet":"max-snippet:-1","max-image-preview":"max-image-preview:large","max-video-preview":"max-video-preview:-1"},"canonical":"https:\/\/merseybuilders.co.uk\/pl\/services\/bathroom-renovations\/","og_locale":"pl_PL","og_type":"article","og_title":"Modern Bathroom Renovations & Design - Mersey Builders","og_description":"Bathroom Renovation Service. From sleek modern designs to timeless classics. Bathroom designs, refurbishments, makeovers, bespoke creations.","og_url":"https:\/\/merseybuilders.co.uk\/pl\/services\/bathroom-renovations\/","og_site_name":"Mersey Builders","article_modified_time":"2025-08-10T13:26:32+00:00","og_image":[{"url":"https:\/\/merseybuilders.co.uk\/wp-content\/uploads\/2024\/02\/msbs-icon-1-black.svg"}],"twitter_card":"summary_large_image","twitter_misc":{"Szacowany czas czytania":"6 minut"},"schema":{"@context":"https:\/\/schema.org","@graph":[{"@type":"WebPage","@id":"https:\/\/merseybuilders.co.uk\/services\/bathroom-renovations\/","url":"https:\/\/merseybuilders.co.uk\/services\/bathroom-renovations\/","name":"Modern Bathroom Renovations & Design - Mersey Builders","isPartOf":{"@id":"https:\/\/merseybuilders.co.uk\/#website"},"primaryImageOfPage":{"@id":"https:\/\/merseybuilders.co.uk\/services\/bathroom-renovations\/#primaryimage"},"image":{"@id":"https:\/\/merseybuilders.co.uk\/services\/bathroom-renovations\/#primaryimage"},"thumbnailUrl":"https:\/\/merseybuilders.co.uk\/wp-content\/uploads\/2024\/02\/msbs-icon-1-black.svg","datePublished":"2024-02-01T11:40:50+00:00","dateModified":"2025-08-10T13:26:32+00:00","description":"Bathroom Renovation Service. From sleek modern designs to timeless classics. Bathroom designs, refurbishments, makeovers, bespoke creations.","breadcrumb":{"@id":"https:\/\/merseybuilders.co.uk\/services\/bathroom-renovations\/#breadcrumb"},"inLanguage":"pl-PL","potentialAction":[{"@type":"ReadAction","target":["https:\/\/merseybuilders.co.uk\/services\/bathroom-renovations\/"]}]},{"@type":"ImageObject","inLanguage":"pl-PL","@id":"https:\/\/merseybuilders.co.uk\/services\/bathroom-renovations\/#primaryimage","url":"https:\/\/merseybuilders.co.uk\/wp-content\/uploads\/2024\/02\/msbs-icon-1-black.svg","contentUrl":"https:\/\/merseybuilders.co.uk\/wp-content\/uploads\/2024\/02\/msbs-icon-1-black.svg"},{"@type":"BreadcrumbList","@id":"https:\/\/merseybuilders.co.uk\/services\/bathroom-renovations\/#breadcrumb","itemListElement":[{"@type":"ListItem","position":1,"name":"Home","item":"https:\/\/merseybuilders.co.uk\/"},{"@type":"ListItem","position":2,"name":"Services","item":"https:\/\/merseybuilders.co.uk\/services\/"},{"@type":"ListItem","position":3,"name":"Bathroom Renovation Service"}]},{"@type":"WebSite","@id":"https:\/\/merseybuilders.co.uk\/#website","url":"https:\/\/merseybuilders.co.uk\/","name":"Mersey Builders","description":"","potentialAction":[{"@type":"SearchAction","target":{"@type":"EntryPoint","urlTemplate":"https:\/\/merseybuilders.co.uk\/?s={search_term_string}"},"query-input":{"@type":"PropertyValueSpecification","valueRequired":true,"valueName":"search_term_string"}}],"inLanguage":"pl-PL"}]}},"uagb_featured_image_src":{"full":false,"thumbnail":false,"medium":false,"medium_large":false,"large":false,"1536x1536":false,"2048x2048":false,"trp-custom-language-flag":false},"uagb_author_info":{"display_name":"wyga","author_link":"https:\/\/merseybuilders.co.uk\/pl\/author\/wyga\/"},"uagb_comment_info":0,"uagb_excerpt":null,"_links":{"self":[{"href":"https:\/\/merseybuilders.co.uk\/pl\/wp-json\/wp\/v2\/pages\/312"}],"collection":[{"href":"https:\/\/merseybuilders.co.uk\/pl\/wp-json\/wp\/v2\/pages"}],"about":[{"href":"https:\/\/merseybuilders.co.uk\/pl\/wp-json\/wp\/v2\/types\/page"}],"author":[{"embeddable":true,"href":"https:\/\/merseybuilders.co.uk\/pl\/wp-json\/wp\/v2\/users\/1"}],"replies":[{"embeddable":true,"href":"https:\/\/merseybuilders.co.uk\/pl\/wp-json\/wp\/v2\/comments?post=312"}],"version-history":[{"count":48,"href":"https:\/\/merseybuilders.co.uk\/pl\/wp-json\/wp\/v2\/pages\/312\/revisions"}],"predecessor-version":[{"id":501,"href":"https:\/\/merseybuilders.co.uk\/pl\/wp-json\/wp\/v2\/pages\/312\/revisions\/501"}],"up":[{"embeddable":true,"href":"https:\/\/merseybuilders.co.uk\/pl\/wp-json\/wp\/v2\/pages\/171"}],"wp:attachment":[{"href":"https:\/\/merseybuilders.co.uk\/pl\/wp-json\/wp\/v2\/media?parent=312"}],"curies":[{"name":"wp","href":"https:\/\/api.w.org\/{rel}","templated":true}]}}