{"id":171,"date":"2023-09-21T22:06:53","date_gmt":"2023-09-21T21:06:53","guid":{"rendered":"http:\/\/msbuildingservices.co.uk\/?page_id=171"},"modified":"2025-08-10T14:37:59","modified_gmt":"2025-08-10T13:37:59","slug":"services","status":"publish","type":"page","link":"https:\/\/merseybuilders.co.uk\/pl\/services\/","title":{"rendered":"Us\u0142ugi"},"content":{"rendered":"<section class=\"wpb-content-wrapper\"><div data-vc-full-width=\"true\" data-vc-full-width-init=\"false\" data-vc-stretch-content=\"true\" class=\"vc_row wpb_row vc_row-fluid vc_custom_1695596858291 vc_row-has-fill vc_row-no-padding vc_row-o-equal-height vc_row-o-content-middle vc_row-flex\"><div class=\"wpb_column vc_column_container vc_col-sm-6 vc_col-has-fill\"><div class=\"vc_column-inner vc_custom_1754832877288\"><div class=\"wpb_wrapper\"><h1 style=\"text-align: left\" class=\"vc_custom_heading msbs-heading-w1 mx-auto\" >Nasze us\u0142ugi<\/h1>\n\t<div class=\"wpb_raw_code wpb_content_element wpb_raw_html\" >\n\t\t<div class=\"wpb_wrapper\">\n\t\t\t<div class=\"goldbar mx-auto\"><\/div>\n\t\t<\/div>\n\t<\/div>\n<\/div><\/div><\/div><div class=\"wpb_column vc_column_container vc_col-sm-6\"><div class=\"vc_column-inner\"><div class=\"wpb_wrapper\">\n\t<div class=\"wpb_text_column wpb_content_element  mx-auto\" >\n\t\t<div class=\"wpb_wrapper\">\n\t\t\t<div class=\"d-flex justify-content-center\">\n<div class=\"msbs-50w-text\">\n<p>Posiadamy du\u017ce do\u015bwiadczenie we wszystkich obszarach budownictwa publicznego i domowego. Dlatego nasz wykwalifikowany zesp\u00f3\u0142 specjalist\u00f3w jest w stanie zaoferowa\u0107 naszym klientom:<\/p>\n<p>ADAPTACJE PODDASZY<br \/>\nROZSZERZENIA<br \/>\nPRACE BUDOWLANE ZEWN\u0118TRZNE<br \/>\nWEWN\u0118TRZNE PRACE BUDOWLANE<br \/>\nRENOWACJE<br \/>\nKONSERWACJA<br \/>\nMALARSTWO I DEKORACJA<br \/>\nKUCHNIA I OGRZEWANIE<br \/>\nELEKTRYKA<br \/>\nUS\u0141UGI STOLARSKIE<br \/>\n<a href=\"#free-quote\"><br \/>\n<button class=\"msbs-button__orange\">Darmowa wycena<\/button><br \/>\n<\/a><\/p>\n<\/div>\n<\/div>\n\n\t\t<\/div>\n\t<\/div>\n<\/div><\/div><\/div><\/div><div class=\"vc_row-full-width vc_clearfix\"><\/div><div data-vc-full-width=\"true\" data-vc-full-width-init=\"false\" data-vc-stretch-content=\"true\" class=\"vc_row wpb_row vc_row-fluid msbs-content-width vc_custom_1695599676489 vc_row-has-fill vc_row-no-padding vc_row-o-content-middle vc_row-flex\"><div class=\"wpb_column vc_column_container vc_col-sm-12 vc_col-has-fill\"><div class=\"vc_column-inner vc_custom_1695599664822\"><div class=\"wpb_wrapper\"><h2 style=\"text-align: center\" class=\"vc_custom_heading msbs-heading-b1 vc_custom_1695599373904\" >Nasze us\u0142ugi<\/h2><div class=\"vc_row wpb_row vc_inner vc_row-fluid msbs-grid-element vc_custom_1695220762956 vc_column-gap-15 vc_row-o-equal-height vc_row-flex\"><div class=\"msbs-grid-element wpb_column vc_column_container vc_col-sm-6 vc_col-has-fill\"><div class=\"vc_column-inner vc_custom_1695220828154\"><div class=\"wpb_wrapper\">\n\t<div class=\"wpb_text_column wpb_content_element\" >\n\t\t<div class=\"wpb_wrapper\">\n\t\t\t<div class=\"row\">\n<div class=\"msbs-services-hero\">\n<div class=\"msbs-services-hero-bg\" style=\"background-image: url('https:\/\/merseybuilders.co.uk\/wp-content\/uploads\/2024\/02\/slide-bathroom-1024x683.webp');\"><\/div>\n<\/div>\n<\/div>\n<div class=\"row\">\n<div class=\"msbs-services-content\">\n<h2>Renowacje \u0141azienek<\/h2>\n<p>Podnie\u015b poziom swojego domu dzi\u0119ki naszej us\u0142udze renowacji \u0142azienek, w kt\u00f3rej luksus spotyka si\u0119 z praktyczno\u015bci\u0105, tworz\u0105c przestrze\u0144, przekraczaj\u0105c\u0105 oczekiwania.<\/p>\n<p><a href=\"https:\/\/merseybuilders.co.uk\/pl\/services\/bathroom-renovations\/\"><br \/>\n<button>Czytaj wi\u0119cej<\/button><br \/>\n<\/a><\/p>\n<\/div>\n<\/div>\n\n\t\t<\/div>\n\t<\/div>\n<\/div><\/div><\/div><div class=\"wpb_column vc_column_container vc_col-sm-6 vc_col-has-fill\"><div class=\"vc_column-inner vc_custom_1695222449945\"><div class=\"wpb_wrapper\">\n\t<div class=\"wpb_text_column wpb_content_element\" >\n\t\t<div class=\"wpb_wrapper\">\n\t\t\t<div class=\"row\">\n<div class=\"msbs-services-hero\">\n<div class=\"msbs-services-hero-bg\" style=\"background-image: url('https:\/\/merseybuilders.co.uk\/wp-content\/uploads\/2024\/02\/kitchen-renewal-1024x683.webp');\"><\/div>\n<\/div>\n<\/div>\n<div class=\"row\">\n<div class=\"msbs-services-content\">\n<h2>Renowacje Kuchni<\/h2>\n<p>Poczuj rado\u015b\u0107 gotowania i rozrywki w odnowionej kuchni, kt\u00f3ra \u0142\u0105czy estetyk\u0119 z funkcjonalno\u015bci\u0105.<\/p>\n<p><a href=\"https:\/\/merseybuilders.co.uk\/pl\/services\/kitchen-renovations\/\"><br \/>\n<button>Czytaj wi\u0119cej<\/button><br \/>\n<\/a><\/p>\n<\/div>\n<\/div>\n\n\t\t<\/div>\n\t<\/div>\n<\/div><\/div><\/div><\/div><div class=\"vc_row wpb_row vc_inner vc_row-fluid msbs-grid-element vc_custom_1695220762956 vc_column-gap-15 vc_row-o-equal-height vc_row-flex\"><div class=\"msbs-grid-element wpb_column vc_column_container vc_col-sm-6 vc_col-has-fill\"><div class=\"vc_column-inner vc_custom_1695220828154\"><div class=\"wpb_wrapper\">\n\t<div class=\"wpb_text_column wpb_content_element\" >\n\t\t<div class=\"wpb_wrapper\">\n\t\t\t<div class=\"row\">\n<div class=\"msbs-services-hero\">\n<div class=\"msbs-services-hero-bg\" style=\"background-image: url('https:\/\/merseybuilders.co.uk\/wp-content\/uploads\/2024\/02\/service-window-and-door-fitting-768x432.webp');\"><\/div>\n<\/div>\n<\/div>\n<div class=\"row\">\n<div class=\"msbs-services-content\">\n<h2>Monta\u017c Okien i Drzwi<\/h2>\n<p>Nasze us\u0142ugi monta\u017cu okien i drzwi nie tylko odmieni Twoj\u0105 nieruchomo\u015b\u0107, ale tak\u017ce zapewni\u0105 trwa\u0142e rozwi\u0105zania, kt\u00f3re wytrzymuj\u0105 pr\u00f3b\u0119 czasu.<\/p>\n<p><a href=\"https:\/\/merseybuilders.co.uk\/pl\/services\/window-and-door-fitting\/\"><br \/>\n<button>Czytaj wi\u0119cej<\/button><br \/>\n<\/a><\/p>\n<\/div>\n<\/div>\n\n\t\t<\/div>\n\t<\/div>\n<\/div><\/div><\/div><div class=\"wpb_column vc_column_container vc_col-sm-6 vc_col-has-fill\"><div class=\"vc_column-inner vc_custom_1695222449945\"><div class=\"wpb_wrapper\">\n\t<div class=\"wpb_text_column wpb_content_element\" >\n\t\t<div class=\"wpb_wrapper\">\n\t\t\t<div class=\"row\">\n<div class=\"msbs-services-hero\">\n<div class=\"msbs-services-hero-bg\" style=\"background-image: url('https:\/\/merseybuilders.co.uk\/wp-content\/uploads\/2024\/02\/service-painting-and-decorating-1024x576.webp');\"><\/div>\n<\/div>\n<\/div>\n<div class=\"row\">\n<div class=\"msbs-services-content\">\n<h2>Malowanie i Dekoracja<\/h2>\n<p>Wykwalifikowani specjali\u015bci w tej dziedzinie posiadaj\u0105 wiedz\u0119 specjalistyczn\u0105 niezb\u0119dn\u0105 do poprawy atrakcyjno\u015bci wizualnej dom\u00f3w, biur i przestrzeni komercyjnych poprzez zastosowanie wysokiej jako\u015bci farb, tapet i wyko\u0144cze\u0144 dekoracyjnych.<\/p>\n<p><a href=\"https:\/\/merseybuilders.co.uk\/pl\/services\/painting-and-decorating\/\"><br \/>\n<button>Czytaj wi\u0119cej<\/button><br \/>\n<\/a><\/p>\n<\/div>\n<\/div>\n\n\t\t<\/div>\n\t<\/div>\n<\/div><\/div><\/div><\/div><div class=\"vc_row wpb_row vc_inner vc_row-fluid msbs-grid-element vc_custom_1695220762956 vc_column-gap-15 vc_row-o-equal-height vc_row-flex\"><div class=\"msbs-grid-element wpb_column vc_column_container vc_col-sm-6 vc_col-has-fill\"><div class=\"vc_column-inner vc_custom_1695220828154\"><div class=\"wpb_wrapper\">\n\t<div class=\"wpb_text_column wpb_content_element\" >\n\t\t<div class=\"wpb_wrapper\">\n\t\t\t<div class=\"row\">\n<div class=\"msbs-services-hero\">\n<div class=\"msbs-services-hero-bg\" style=\"background-image: url('https:\/\/merseybuilders.co.uk\/wp-content\/uploads\/2024\/02\/slide-emergency-maintenance-1024x576.webp');\"><\/div>\n<\/div>\n<\/div>\n<div class=\"row\">\n<div class=\"msbs-services-content\">\n<h2>Awarie i Konserwacja<\/h2>\n<p>Wybierz nasz\u0105 us\u0142ug\u0119 pogotowia ratunkowego i konserwacji domu, aby mie\u0107 spok\u00f3j ducha, wiedz\u0105c, \u017ce wykwalifikowany i godny zaufania zesp\u00f3\u0142 jest na wyci\u0105gni\u0119cie r\u0119ki, gotowy poradzi\u0107 sobie z ka\u017cd\u0105 nieoczekiwan\u0105 sytuacj\u0105 i utrzyma\u0107 Tw\u00f3j dom w optymalnym stanie.<\/p>\n<p><a href=\"https:\/\/merseybuilders.co.uk\/pl\/services\/emergency-and-maintenance\/\"><br \/>\n<button>Czytaj wi\u0119cej<\/button><br \/>\n<\/a><\/p>\n<\/div>\n<\/div>\n\n\t\t<\/div>\n\t<\/div>\n<\/div><\/div><\/div><div class=\"wpb_column vc_column_container vc_col-sm-6 vc_col-has-fill\"><div class=\"vc_column-inner vc_custom_1695222449945\"><div class=\"wpb_wrapper\">\n\t<div class=\"wpb_text_column wpb_content_element\" >\n\t\t<div class=\"wpb_wrapper\">\n\t\t\t<div class=\"row\">\n<div class=\"msbs-services-hero\">\n<div class=\"msbs-services-hero-bg\" style=\"background-image: url('https:\/\/merseybuilders.co.uk\/wp-content\/uploads\/2023\/09\/section3-2.webp');\"><\/div>\n<\/div>\n<\/div>\n<div class=\"row\">\n<div class=\"msbs-services-content\">\n<h2>Prace tarasowe, ogrodzeniowe i ogrodowe<\/h2>\n<p>Nasz\u0105 specjalno\u015bci\u0105 s\u0105 patio, tarasy oraz wszelkie prace ogrodowe.<\/p>\n<p><a href=\"https:\/\/merseybuilders.co.uk\/pl\/services\/decking-patios-fencing-garden-work\/\"><br \/>\n<button>Czytaj wi\u0119cej<\/button><br \/>\n<\/a><\/p>\n<\/div>\n<\/div>\n\n\t\t<\/div>\n\t<\/div>\n<\/div><\/div><\/div><\/div><div class=\"vc_row wpb_row vc_inner vc_row-fluid msbs-grid-element vc_custom_1695220777015 vc_column-gap-15 vc_row-o-equal-height vc_row-flex\"><div class=\"msbs-grid-element wpb_column vc_column_container vc_col-sm-6 vc_col-has-fill\"><div class=\"vc_column-inner vc_custom_1695222454427\"><div class=\"wpb_wrapper\">\n\t<div class=\"wpb_text_column wpb_content_element\" >\n\t\t<div class=\"wpb_wrapper\">\n\t\t\t<div class=\"row\">\n<div class=\"msbs-services-hero\">\n<div class=\"msbs-services-hero-bg\" style=\"background-image: url('https:\/\/merseybuilders.co.uk\/wp-content\/uploads\/2023\/09\/services-3.webp');\"><\/div>\n<\/div>\n<\/div>\n<div class=\"row\">\n<div class=\"msbs-services-content\">\n<h2>Renowacje wewn\u0119trzne<\/h2>\n<p>Wszystkie rodzaje prac budowlanych w Twojej nieruchomo\u015bci!<\/p>\n<p><a href=\"https:\/\/merseybuilders.co.uk\/pl\/services\/internal-renovations\/\"><br \/>\n<button>Czytaj wi\u0119cej<\/button><br \/>\n<\/a><\/p>\n<\/div>\n<\/div>\n\n\t\t<\/div>\n\t<\/div>\n<\/div><\/div><\/div><div class=\"wpb_column vc_column_container vc_col-sm-6 vc_col-has-fill\"><div class=\"vc_column-inner vc_custom_1695222458842\"><div class=\"wpb_wrapper\">\n\t<div class=\"wpb_text_column wpb_content_element\" >\n\t\t<div class=\"wpb_wrapper\">\n\t\t\t<div class=\"row\">\n<div class=\"msbs-services-hero\">\n<div class=\"msbs-services-hero-bg\" style=\"background-image: url('https:\/\/merseybuilders.co.uk\/wp-content\/uploads\/2023\/09\/services-4.webp');\"><\/div>\n<\/div>\n<\/div>\n<div class=\"row\">\n<div class=\"msbs-services-content\">\n<h2>Renowacje zewn\u0119trzne<\/h2>\n<p>Prace zewn\u0119trzne, takie jak rendering, prace murarskie itp.<\/p>\n<p><a href=\"https:\/\/merseybuilders.co.uk\/pl\/services\/external-renovations\/\"><br \/>\n<button>Czytaj wi\u0119cej<\/button><br \/>\n<\/a><\/p>\n<\/div>\n<\/div>\n\n\t\t<\/div>\n\t<\/div>\n<\/div><\/div><\/div><\/div><\/div><\/div><\/div><\/div><div class=\"vc_row-full-width vc_clearfix\"><\/div>\n<\/section>","protected":false},"excerpt":{"rendered":"Our Services We have extensive experience in all areas of public and domestic building. Therefore, our professional skilled team are able to offer the following to our clients: LOFT CONVERSIONS EXTENSIONS BUILDING WORK EXTERNAL BUILDING WORK INTERNAL REFRUBISHMENT MAINTENANCE PAINTING &amp; DECORATING PLUMBING &amp; HEATING ELECTRICAL JOINERY &amp; CARPENTRY Get A Free Estimate Our Services [...]","protected":false},"author":1,"featured_media":0,"parent":0,"menu_order":0,"comment_status":"closed","ping_status":"closed","template":"page-templates\/page-msbs-fullwidth.php","meta":{"_uag_custom_page_level_css":"","footnotes":""},"yoast_head":"<!-- This site is optimized with the Yoast SEO plugin v23.5 - https:\/\/yoast.com\/wordpress\/plugins\/seo\/ -->\n<title>Services - Mersey Builders<\/title>\n<meta name=\"robots\" content=\"index, follow, max-snippet:-1, max-image-preview:large, max-video-preview:-1\" \/>\n<link rel=\"canonical\" href=\"https:\/\/merseybuilders.co.uk\/pl\/services\/\" \/>\n<meta property=\"og:locale\" content=\"pl_PL\" \/>\n<meta property=\"og:type\" content=\"article\" \/>\n<meta property=\"og:title\" content=\"Services - Mersey Builders\" \/>\n<meta property=\"og:url\" content=\"https:\/\/merseybuilders.co.uk\/pl\/services\/\" \/>\n<meta property=\"og:site_name\" content=\"Mersey Builders\" \/>\n<meta property=\"article:modified_time\" content=\"2025-08-10T13:37:59+00:00\" \/>\n<meta name=\"twitter:card\" content=\"summary_large_image\" \/>\n<meta name=\"twitter:label1\" content=\"Szacowany czas czytania\" \/>\n\t<meta name=\"twitter:data1\" content=\"2 minuty\" \/>\n<script type=\"application\/ld+json\" class=\"yoast-schema-graph\">{\"@context\":\"https:\/\/schema.org\",\"@graph\":[{\"@type\":\"WebPage\",\"@id\":\"https:\/\/merseybuilders.co.uk\/services\/\",\"url\":\"https:\/\/merseybuilders.co.uk\/services\/\",\"name\":\"Services - Mersey Builders\",\"isPartOf\":{\"@id\":\"https:\/\/merseybuilders.co.uk\/#website\"},\"datePublished\":\"2023-09-21T21:06:53+00:00\",\"dateModified\":\"2025-08-10T13:37:59+00:00\",\"breadcrumb\":{\"@id\":\"https:\/\/merseybuilders.co.uk\/services\/#breadcrumb\"},\"inLanguage\":\"pl-PL\",\"potentialAction\":[{\"@type\":\"ReadAction\",\"target\":[\"https:\/\/merseybuilders.co.uk\/services\/\"]}]},{\"@type\":\"BreadcrumbList\",\"@id\":\"https:\/\/merseybuilders.co.uk\/services\/#breadcrumb\",\"itemListElement\":[{\"@type\":\"ListItem\",\"position\":1,\"name\":\"Home\",\"item\":\"https:\/\/merseybuilders.co.uk\/\"},{\"@type\":\"ListItem\",\"position\":2,\"name\":\"Services\"}]},{\"@type\":\"WebSite\",\"@id\":\"https:\/\/merseybuilders.co.uk\/#website\",\"url\":\"https:\/\/merseybuilders.co.uk\/\",\"name\":\"Mersey Builders\",\"description\":\"\",\"potentialAction\":[{\"@type\":\"SearchAction\",\"target\":{\"@type\":\"EntryPoint\",\"urlTemplate\":\"https:\/\/merseybuilders.co.uk\/?s={search_term_string}\"},\"query-input\":{\"@type\":\"PropertyValueSpecification\",\"valueRequired\":true,\"valueName\":\"search_term_string\"}}],\"inLanguage\":\"pl-PL\"}]}<\/script>\n<!-- \/ Yoast SEO plugin. -->","yoast_head_json":{"title":"Services - Mersey Builders","robots":{"index":"index","follow":"follow","max-snippet":"max-snippet:-1","max-image-preview":"max-image-preview:large","max-video-preview":"max-video-preview:-1"},"canonical":"https:\/\/merseybuilders.co.uk\/pl\/services\/","og_locale":"pl_PL","og_type":"article","og_title":"Services - Mersey Builders","og_url":"https:\/\/merseybuilders.co.uk\/pl\/services\/","og_site_name":"Mersey Builders","article_modified_time":"2025-08-10T13:37:59+00:00","twitter_card":"summary_large_image","twitter_misc":{"Szacowany czas czytania":"2 minuty"},"schema":{"@context":"https:\/\/schema.org","@graph":[{"@type":"WebPage","@id":"https:\/\/merseybuilders.co.uk\/services\/","url":"https:\/\/merseybuilders.co.uk\/services\/","name":"Services - Mersey Builders","isPartOf":{"@id":"https:\/\/merseybuilders.co.uk\/#website"},"datePublished":"2023-09-21T21:06:53+00:00","dateModified":"2025-08-10T13:37:59+00:00","breadcrumb":{"@id":"https:\/\/merseybuilders.co.uk\/services\/#breadcrumb"},"inLanguage":"pl-PL","potentialAction":[{"@type":"ReadAction","target":["https:\/\/merseybuilders.co.uk\/services\/"]}]},{"@type":"BreadcrumbList","@id":"https:\/\/merseybuilders.co.uk\/services\/#breadcrumb","itemListElement":[{"@type":"ListItem","position":1,"name":"Home","item":"https:\/\/merseybuilders.co.uk\/"},{"@type":"ListItem","position":2,"name":"Services"}]},{"@type":"WebSite","@id":"https:\/\/merseybuilders.co.uk\/#website","url":"https:\/\/merseybuilders.co.uk\/","name":"Mersey Builders","description":"","potentialAction":[{"@type":"SearchAction","target":{"@type":"EntryPoint","urlTemplate":"https:\/\/merseybuilders.co.uk\/?s={search_term_string}"},"query-input":{"@type":"PropertyValueSpecification","valueRequired":true,"valueName":"search_term_string"}}],"inLanguage":"pl-PL"}]}},"uagb_featured_image_src":{"full":false,"thumbnail":false,"medium":false,"medium_large":false,"large":false,"1536x1536":false,"2048x2048":false,"trp-custom-language-flag":false},"uagb_author_info":{"display_name":"wyga","author_link":"https:\/\/merseybuilders.co.uk\/pl\/author\/wyga\/"},"uagb_comment_info":0,"uagb_excerpt":null,"_links":{"self":[{"href":"https:\/\/merseybuilders.co.uk\/pl\/wp-json\/wp\/v2\/pages\/171"}],"collection":[{"href":"https:\/\/merseybuilders.co.uk\/pl\/wp-json\/wp\/v2\/pages"}],"about":[{"href":"https:\/\/merseybuilders.co.uk\/pl\/wp-json\/wp\/v2\/types\/page"}],"author":[{"embeddable":true,"href":"https:\/\/merseybuilders.co.uk\/pl\/wp-json\/wp\/v2\/users\/1"}],"replies":[{"embeddable":true,"href":"https:\/\/merseybuilders.co.uk\/pl\/wp-json\/wp\/v2\/comments?post=171"}],"version-history":[{"count":13,"href":"https:\/\/merseybuilders.co.uk\/pl\/wp-json\/wp\/v2\/pages\/171\/revisions"}],"predecessor-version":[{"id":506,"href":"https:\/\/merseybuilders.co.uk\/pl\/wp-json\/wp\/v2\/pages\/171\/revisions\/506"}],"wp:attachment":[{"href":"https:\/\/merseybuilders.co.uk\/pl\/wp-json\/wp\/v2\/media?parent=171"}],"curies":[{"name":"wp","href":"https:\/\/api.w.org\/{rel}","templated":true}]}}